{"id":1358,"date":"2021-09-10T17:34:39","date_gmt":"2021-09-10T15:34:39","guid":{"rendered":"https:\/\/www.vippneu.com\/?page_id=1358"},"modified":"2021-09-10T17:34:39","modified_gmt":"2021-09-10T15:34:39","slug":"cookie-policy","status":"publish","type":"page","link":"https:\/\/www.vippneu.com\/?page_id=1358","title":{"rendered":"Cookie Policy"},"content":{"rendered":"<div class=\"cli_pg_page_contaner\">\n<h3>\u00c0 propos de cette politique en mati\u00e8re de cookies<\/h3>\n<p>La pr\u00e9sente politique en mati\u00e8re de cookies explique ce que sont les cookies et comment nous les utilisons, les types de cookies que nous utilisons, c&rsquo;est-\u00e0-dire les informations que nous recueillons \u00e0 l&rsquo;aide des cookies et comment ces informations sont utilis\u00e9es, et comment contr\u00f4ler les pr\u00e9f\u00e9rences en mati\u00e8re de cookies. Pour plus d&rsquo;informations sur la mani\u00e8re dont nous utilisons, stockons et s\u00e9curisons vos donn\u00e9es personnelles, consultez notre politique de confidentialit\u00e9.<\/p>\n<p>Vous pouvez \u00e0 tout moment modifier ou retirer votre consentement \u00e0 la d\u00e9claration sur les cookies sur notre site web.<br \/>\nPour en savoir plus sur qui nous sommes, comment vous pouvez nous contacter et comment nous traitons les donn\u00e9es personnelles, consultez notre Politique de confidentialit\u00e9.<br \/>\nVotre consentement s&rsquo;applique aux domaines suivants : www.vippneu.com<br \/>\n<div class=\"cli_user_consent_state\">Votre \u00e9tat actuel\u00a0: Aucun consentement donn\u00e9. <a class=\"cli_manage_current_consent\" style=\"cursor:pointer;text-decoration:underline;\">G\u00e9rez votre consentement.<\/a> <\/div><\/p>\n<p>&nbsp;<\/p>\n<h3>Que sont les cookies ?<\/h3>\n<p>Les cookies sont de petits fichiers texte qui sont utilis\u00e9s pour stocker de petits \u00e9l\u00e9ments d&rsquo;information. Ils sont stock\u00e9s sur votre appareil lorsque le site web est charg\u00e9 sur votre navigateur. Ces cookies nous aident \u00e0 faire fonctionner le site web correctement, \u00e0 le rendre plus s\u00fbr, \u00e0 fournir une meilleure exp\u00e9rience utilisateur et \u00e0 comprendre comment le site web fonctionne et \u00e0 analyser ce qui fonctionne et ce qui doit \u00eatre am\u00e9lior\u00e9.<br \/>\nComment utilisons-nous les cookies ?<\/p>\n<p>Comme la plupart des services en ligne, notre site web utilise des cookies de premi\u00e8re partie et de tierce partie \u00e0 plusieurs fins. Les cookies de premi\u00e8re partie sont principalement n\u00e9cessaires pour que le site web fonctionne correctement, et ils ne collectent aucune de vos donn\u00e9es personnellement identifiables.<\/p>\n<p>Les cookies tiers utilis\u00e9s sur notre site web servent principalement \u00e0 comprendre comment le site web fonctionne, comment vous interagissez avec notre site web, \u00e0 assurer la s\u00e9curit\u00e9 de nos services, \u00e0 fournir des publicit\u00e9s qui vous sont pertinentes et, dans l&rsquo;ensemble, \u00e0 vous fournir une exp\u00e9rience utilisateur meilleure et am\u00e9lior\u00e9e et \u00e0 aider \u00e0 acc\u00e9l\u00e9rer vos interactions futures avec notre site web.<\/p>\n<h3>Quels types de cookies utilisons-nous ?<\/h3>\n<p>Essentiels : Certains cookies sont essentiels pour que vous puissiez b\u00e9n\u00e9ficier de toutes les fonctionnalit\u00e9s de notre site. Ils nous permettent de maintenir les sessions des utilisateurs et de pr\u00e9venir toute menace de s\u00e9curit\u00e9. Ils ne collectent ni ne stockent aucune information personnelle. Par exemple, ces cookies vous permettent de vous connecter \u00e0 votre compte et d&rsquo;ajouter des produits \u00e0 votre panier, et de passer \u00e0 la caisse en toute s\u00e9curit\u00e9.<\/p>\n<p>Statistiques : Ces cookies stockent des informations telles que le nombre de visiteurs du site web, le nombre de visiteurs uniques, les pages du site web qui ont \u00e9t\u00e9 visit\u00e9es, la source de la visite, etc. Ces donn\u00e9es nous aident \u00e0 comprendre et \u00e0 analyser les performances du site web et les points \u00e0 am\u00e9liorer.<\/p>\n<p>Marketing : Notre site web affiche des publicit\u00e9s. Ces cookies sont utilis\u00e9s pour personnaliser les publicit\u00e9s que nous vous montrons afin qu&rsquo;elles soient significatives pour vous. Ces cookies nous aident \u00e9galement \u00e0 suivre l&rsquo;efficacit\u00e9 de ces campagnes publicitaires.<br \/>\nLes informations stock\u00e9es dans ces cookies peuvent \u00e9galement \u00eatre utilis\u00e9es par les fournisseurs de publicit\u00e9 tiers pour vous montrer des publicit\u00e9s sur d&rsquo;autres sites web sur le navigateur \u00e9galement.<\/p>\n<p>Fonctionnels : Ce sont les cookies qui aident certaines fonctionnalit\u00e9s non essentielles sur notre site web. Ces fonctionnalit\u00e9s comprennent l&rsquo;int\u00e9gration de contenus tels que des vid\u00e9os ou le partage de contenus du site web sur des plateformes de m\u00e9dias sociaux.<\/p>\n<p>Pr\u00e9f\u00e9rences : Ces cookies nous aident \u00e0 stocker vos param\u00e8tres et pr\u00e9f\u00e9rences de navigation, comme les pr\u00e9f\u00e9rences linguistiques, afin de vous offrir une exp\u00e9rience meilleure et efficace lors de vos prochaines visites sur le site web.<br \/>\n<p>La liste ci-dessous d\u00e9taille les cookies utilis\u00e9s sur notre site web.<\/p><table class=\"cookielawinfo-row-cat-table cookielawinfo-classic\"><thead><tr><th class=\"cookielawinfo-column-1\">Cookie<\/th><th class=\"cookielawinfo-column-4\">Description<\/th><\/tr><\/thead><tbody><tr class=\"cookielawinfo-row\"><td class=\"cookielawinfo-column-1\">_ga<\/td><td class=\"cookielawinfo-column-4\"><p style=\"text-align: justify\">Ce cookie est install\u00e9 par Google Analytics. Il est utilis\u00e9 pour calculer le trafic et garder une trace de l\u2019utilisation du site pour le rapport d\u2019analyse du site. Les cookies stockent les informations de mani\u00e8re anonyme et attribuent un num\u00e9ro g\u00e9n\u00e9r\u00e9 de mani\u00e8re al\u00e9atoire pour identifier les visiteurs uniques.<\/p><\/td><\/tr><tr class=\"cookielawinfo-row\"><td class=\"cookielawinfo-column-1\">_gat_gtag_UA_87653673_1<\/td><td class=\"cookielawinfo-column-4\">Google utilise ce cookie pour distinguer les utilisateurs unique. (aucune IP n\u2019est r\u00e9cup\u00e9r\u00e9e)<\/td><\/tr><tr class=\"cookielawinfo-row\"><td class=\"cookielawinfo-column-1\">_gid<\/td><td class=\"cookielawinfo-column-4\"><p style=\"text-align: justify\">Ce cookie est install\u00e9 par Google Analytics. Il utilis\u00e9 pour stocker des informations sur la fa\u00e7on dont les visiteurs utilisent un site Web et aide \u00e0 cr\u00e9er un rapport d\u2019analyse de la fa\u00e7on dont le site Web fonctionne. Les donn\u00e9es recueillies, y compris le nombre de visiteurs, la source d\u2019o\u00f9 ils viennent et les pages visit\u00e9es sous une forme anonyme.<\/p><\/td><\/tr><tr class=\"cookielawinfo-row\"><td class=\"cookielawinfo-column-1\">cookielawinfo-checkbox-advertisement<\/td><td class=\"cookielawinfo-column-4\">Ce cookie est d\u00e9fini par le plugin de consentement aux cookies du RGPD. Il est utilis\u00e9 pour stocker le consentement de l'utilisateur pour les cookies de la cat\u00e9gorie \"Publicit\u00e9\".<\/td><\/tr><tr class=\"cookielawinfo-row\"><td class=\"cookielawinfo-column-1\">cookielawinfo-checkbox-analytics<\/td><td class=\"cookielawinfo-column-4\">Ce cookie est d\u00e9fini par le plugin de consentement aux cookies RGPD. Le cookie est utilis\u00e9 pour stocker le consentement de l'utilisateur pour les cookies de la cat\u00e9gorie \"Analytics\".<\/td><\/tr><tr class=\"cookielawinfo-row\"><td class=\"cookielawinfo-column-1\">cookielawinfo-checkbox-functional<\/td><td class=\"cookielawinfo-column-4\">Le cookie est d\u00e9fini par le consentement aux cookies RGPD pour enregistrer le consentement de l'utilisateur pour les cookies de la cat\u00e9gorie \"Fonctionnel\".<\/td><\/tr><tr class=\"cookielawinfo-row\"><td class=\"cookielawinfo-column-1\">cookielawinfo-checkbox-necessary<\/td><td class=\"cookielawinfo-column-4\">Ce cookie est d\u00e9fini par le plugin de consentement aux cookies du RGPD. Il est utilis\u00e9 pour stocker le consentement de l'utilisateur pour les cookies de la cat\u00e9gorie \"N\u00e9cessaire\".<\/td><\/tr><tr class=\"cookielawinfo-row\"><td class=\"cookielawinfo-column-1\">cookielawinfo-checkbox-others<\/td><td class=\"cookielawinfo-column-4\">Ce cookie est d\u00e9fini par le plugin de consentement aux cookies RGPD. Ce cookie est utilis\u00e9 pour stocker le consentement de l'utilisateur pour les cookies de la cat\u00e9gorie \" Autre \".<\/td><\/tr><tr class=\"cookielawinfo-row\"><td class=\"cookielawinfo-column-1\">cookielawinfo-checkbox-performance<\/td><td class=\"cookielawinfo-column-4\">Ce cookie est d\u00e9fini par le plugin de consentement aux cookies RGPD. Ce cookie est utilis\u00e9 pour stocker le consentement de l'utilisateur pour les cookies de la cat\u00e9gorie \"Performance\".<\/td><\/tr><tr class=\"cookielawinfo-row\"><td class=\"cookielawinfo-column-1\">viewed_cookie_policy<\/td><td class=\"cookielawinfo-column-4\">Ce cookie est d\u00e9fini par le plugin GDPR Cookie Consent et est utilis\u00e9 pour stocker si l'utilisateur a consenti ou non \u00e0 l'utilisation de cookies. Il ne stocke pas de donn\u00e9es personnelles.<\/td><\/tr><\/tbody><\/table><\/p>\n<h3>Comment puis-je contr\u00f4ler les pr\u00e9f\u00e9rences en mati\u00e8re de cookies ?<\/h3>\n<p>Si vous d\u00e9cidez de modifier vos pr\u00e9f\u00e9rences plus tard au cours de votre session de navigation, vous pouvez cliquer sur l&rsquo;onglet \u00ab\u00a0Politique de confidentialit\u00e9 et de cookies\u00a0\u00bb sur votre \u00e9cran. Cela affichera \u00e0 nouveau l&rsquo;avis de consentement vous permettant de modifier vos pr\u00e9f\u00e9rences ou de retirer enti\u00e8rement votre consentement.<\/p>\n<p>En outre, les diff\u00e9rents navigateurs offrent diff\u00e9rentes m\u00e9thodes pour bloquer et supprimer les cookies utilis\u00e9s par les sites web. Vous pouvez modifier les param\u00e8tres de votre navigateur pour bloquer\/supprimer les cookies. Pour en savoir plus sur la mani\u00e8re de g\u00e9rer et de supprimer les cookies, consultez le site wikipedia.org, www.allaboutcookies.org.<\/p>\n<\/div>\n","protected":false},"excerpt":{"rendered":"<p>\u00c0 propos de cette politique en mati\u00e8re de cookies La  [&#8230;]<\/p>\n","protected":false},"author":1,"featured_media":0,"parent":0,"menu_order":0,"comment_status":"closed","ping_status":"closed","template":"","meta":{"footnotes":""},"class_list":["post-1358","page","type-page","status-publish","hentry"],"yoast_head":"<!-- This site is optimized with the Yoast SEO plugin v27.5 - https:\/\/yoast.com\/product\/yoast-seo-wordpress\/ -->\n<title>Cookie Policy - VIP PNEU<\/title>\n<meta name=\"robots\" content=\"index, follow, max-snippet:-1, max-image-preview:large, max-video-preview:-1\" \/>\n<link rel=\"canonical\" href=\"https:\/\/www.vippneu.com\/?page_id=1358\" \/>\n<meta property=\"og:locale\" content=\"fr_FR\" \/>\n<meta property=\"og:type\" content=\"article\" \/>\n<meta property=\"og:title\" content=\"Cookie Policy - VIP PNEU\" \/>\n<meta property=\"og:description\" content=\"\u00c0 propos de cette politique en mati\u00e8re de cookies La [...]\" \/>\n<meta property=\"og:url\" content=\"https:\/\/www.vippneu.com\/?page_id=1358\" \/>\n<meta property=\"og:site_name\" content=\"VIP PNEU\" \/>\n<meta name=\"twitter:card\" content=\"summary_large_image\" \/>\n<meta name=\"twitter:label1\" content=\"Dur\u00e9e de lecture estim\u00e9e\" \/>\n\t<meta name=\"twitter:data1\" content=\"4 minutes\" \/>\n<script type=\"application\/ld+json\" class=\"yoast-schema-graph\">{\"@context\":\"https:\\\/\\\/schema.org\",\"@graph\":[{\"@type\":\"WebPage\",\"@id\":\"https:\\\/\\\/www.vippneu.com\\\/?page_id=1358\",\"url\":\"https:\\\/\\\/www.vippneu.com\\\/?page_id=1358\",\"name\":\"Cookie Policy - VIP PNEU\",\"isPartOf\":{\"@id\":\"https:\\\/\\\/www.vippneu.com\\\/#website\"},\"datePublished\":\"2021-09-10T15:34:39+00:00\",\"breadcrumb\":{\"@id\":\"https:\\\/\\\/www.vippneu.com\\\/?page_id=1358#breadcrumb\"},\"inLanguage\":\"fr-FR\",\"potentialAction\":[{\"@type\":\"ReadAction\",\"target\":[\"https:\\\/\\\/www.vippneu.com\\\/?page_id=1358\"]}]},{\"@type\":\"BreadcrumbList\",\"@id\":\"https:\\\/\\\/www.vippneu.com\\\/?page_id=1358#breadcrumb\",\"itemListElement\":[{\"@type\":\"ListItem\",\"position\":1,\"name\":\"Accueil\",\"item\":\"https:\\\/\\\/www.vippneu.com\\\/\"},{\"@type\":\"ListItem\",\"position\":2,\"name\":\"Cookie Policy\"}]},{\"@type\":\"WebSite\",\"@id\":\"https:\\\/\\\/www.vippneu.com\\\/#website\",\"url\":\"https:\\\/\\\/www.vippneu.com\\\/\",\"name\":\"VIP PNEU\",\"description\":\"VIP le pneu du PRO\",\"potentialAction\":[{\"@type\":\"SearchAction\",\"target\":{\"@type\":\"EntryPoint\",\"urlTemplate\":\"https:\\\/\\\/www.vippneu.com\\\/?s={search_term_string}\"},\"query-input\":{\"@type\":\"PropertyValueSpecification\",\"valueRequired\":true,\"valueName\":\"search_term_string\"}}],\"inLanguage\":\"fr-FR\"}]}<\/script>\n<!-- \/ Yoast SEO plugin. -->","yoast_head_json":{"title":"Cookie Policy - VIP PNEU","robots":{"index":"index","follow":"follow","max-snippet":"max-snippet:-1","max-image-preview":"max-image-preview:large","max-video-preview":"max-video-preview:-1"},"canonical":"https:\/\/www.vippneu.com\/?page_id=1358","og_locale":"fr_FR","og_type":"article","og_title":"Cookie Policy - VIP PNEU","og_description":"\u00c0 propos de cette politique en mati\u00e8re de cookies La [...]","og_url":"https:\/\/www.vippneu.com\/?page_id=1358","og_site_name":"VIP PNEU","twitter_card":"summary_large_image","twitter_misc":{"Dur\u00e9e de lecture estim\u00e9e":"4 minutes"},"schema":{"@context":"https:\/\/schema.org","@graph":[{"@type":"WebPage","@id":"https:\/\/www.vippneu.com\/?page_id=1358","url":"https:\/\/www.vippneu.com\/?page_id=1358","name":"Cookie Policy - VIP PNEU","isPartOf":{"@id":"https:\/\/www.vippneu.com\/#website"},"datePublished":"2021-09-10T15:34:39+00:00","breadcrumb":{"@id":"https:\/\/www.vippneu.com\/?page_id=1358#breadcrumb"},"inLanguage":"fr-FR","potentialAction":[{"@type":"ReadAction","target":["https:\/\/www.vippneu.com\/?page_id=1358"]}]},{"@type":"BreadcrumbList","@id":"https:\/\/www.vippneu.com\/?page_id=1358#breadcrumb","itemListElement":[{"@type":"ListItem","position":1,"name":"Accueil","item":"https:\/\/www.vippneu.com\/"},{"@type":"ListItem","position":2,"name":"Cookie Policy"}]},{"@type":"WebSite","@id":"https:\/\/www.vippneu.com\/#website","url":"https:\/\/www.vippneu.com\/","name":"VIP PNEU","description":"VIP le pneu du PRO","potentialAction":[{"@type":"SearchAction","target":{"@type":"EntryPoint","urlTemplate":"https:\/\/www.vippneu.com\/?s={search_term_string}"},"query-input":{"@type":"PropertyValueSpecification","valueRequired":true,"valueName":"search_term_string"}}],"inLanguage":"fr-FR"}]}},"_links":{"self":[{"href":"https:\/\/www.vippneu.com\/index.php?rest_route=\/wp\/v2\/pages\/1358","targetHints":{"allow":["GET"]}}],"collection":[{"href":"https:\/\/www.vippneu.com\/index.php?rest_route=\/wp\/v2\/pages"}],"about":[{"href":"https:\/\/www.vippneu.com\/index.php?rest_route=\/wp\/v2\/types\/page"}],"author":[{"embeddable":true,"href":"https:\/\/www.vippneu.com\/index.php?rest_route=\/wp\/v2\/users\/1"}],"replies":[{"embeddable":true,"href":"https:\/\/www.vippneu.com\/index.php?rest_route=%2Fwp%2Fv2%2Fcomments&post=1358"}],"version-history":[{"count":2,"href":"https:\/\/www.vippneu.com\/index.php?rest_route=\/wp\/v2\/pages\/1358\/revisions"}],"predecessor-version":[{"id":1360,"href":"https:\/\/www.vippneu.com\/index.php?rest_route=\/wp\/v2\/pages\/1358\/revisions\/1360"}],"wp:attachment":[{"href":"https:\/\/www.vippneu.com\/index.php?rest_route=%2Fwp%2Fv2%2Fmedia&parent=1358"}],"curies":[{"name":"wp","href":"https:\/\/api.w.org\/{rel}","templated":true}]}}